{"id":2,"date":"2016-05-10T03:48:21","date_gmt":"2016-05-10T03:48:21","guid":{"rendered":"http:\/\/gertiroehner.de\/?page_id=2"},"modified":"2021-11-28T18:41:03","modified_gmt":"2021-11-28T18:41:03","slug":"sample-page","status":"publish","type":"page","link":"https:\/\/gertiroehner.de\/?page_id=2","title":{"rendered":"Tiffany"},"content":{"rendered":"<p>Eines meiner Hobbys&nbsp; ist die Herstellung von Tiffany-Objekten. In den vergangenen Jahren sind&nbsp; viele Lampen, Spiegel, Fenster, Bilderrahmen und sonstige Objekte entstanden, die in der Galerie zu sehen sind. Darunter viele eigene Entw\u00fcrfe.<\/p>\n<p>Vieles habe ich verschenkt, aber einige Objekte versch\u00f6nern auch unser Haus.<\/p>\nngg_shortcode_0_placeholder\n<p><b>&#8222;Louis Comfort Tiffany<\/b> (* 18. Februar 1848 in New York; \u2020 17. Januar 1933 ebenda) war ein US-amerikanischer Maler und Glask\u00fcnstler. Er gilt als einer der bedeutendsten amerikanischen Vertreter des Jugendstils.<\/p>\n<p>Besonders erfolgreich wurde Tiffany mit seinen Schmuckkreationen sowie der Herstellung irisierender Gl\u00e4ser. 1870 soll Tiffany in \u00c4gypten durch Gl\u00e4ser aus den Gr\u00e4bern der Pharaonen zu seinem ber\u00fchmt gewordenen L\u00fcster\u2013Dekor inspiriert worden sein.<\/p>\n<p>1879 gr\u00fcndete Tiffany in New York die \u201eTiffany Glass and Decorating Company\u201c, ein Einrichtungshaus, f\u00fcr das er als Maler, Kunstgewerbler und Glask\u00fcnstler t\u00e4tig war. Unter anderem renovierte Tiffany auch einige R\u00e4ume des Wei\u00dfen Hauses. Das Verfahren der \u201eTiffany Favrile Glasses\u201c wurde 1894 patentiert.<\/p>\n<p>Mit ihren verspielten pflanzlichen Motiven z\u00e4hlen Tiffanys Glaskreationen zu den sch\u00f6nsten Jugendstilgl\u00e4sern. Daneben stellte Tiffany auch Flachgl\u00e4ser (Mosaiken und Fenster) her, z. B. f\u00fcr die Tiffany-Kapelle in der Kathedrale von New York. Besonders gesch\u00e4tzt wurden auch Tiffany-Leuchten, deren Schirme gr\u00f6\u00dftenteils aus farbigen Glasst\u00fccken bestehen, die zuvor in Kupferfolie eingefasst und dann miteinander verl\u00f6tet wurden. Diese Technik des Verbindens von Glasst\u00fccken (Tiffany-Glaskunst-Technik) machte Tiffany und seine Glaskreationen weltber\u00fchmt.<\/p>\n<p><b>Tiffany-Glaskunst<\/b> ist eine Facette der handwerklichen Kunst des Louis Comfort Tiffany. Es handelt sich eigentlich um eine Technik der Glasverarbeitung, stilistisch ist das Kunstgewerbe jedoch eng mit dem Jugendstil verkn\u00fcpft.<\/p>\n<p>Durch die Technik ist die Herstellung dreidimensionaler Gebilde m\u00f6glich, indem einzelne Glasteile mittels Ummantelung mit Kupferfolie und L\u00f6tzinn verbunden werden. Die L\u00f6tn\u00e4hte werden mit einer Patina versehen. Dazu werden sie galvanisch verkupfert und anschlie\u00dfend mit Chemikalien behandelt. Sie erhalten so ihre charakteristische Schwarz- oder Gr\u00fcnf\u00e4rbung&#8220; (Quelle: wikipedia)<\/p>\n<p>Neben der klassischen Verarbeitung mit Kupferfolie und L\u00f6tzinn habe ich das bunte Glas auch f\u00fcr ein aufw\u00e4ndiges Mosaik auf einer Tischplatte verwendet. Dazu wurden die bearbeiteten Mosaikteile auf einer Glasplatte verklebt und mit Kristall-Fugenmasse verfugt. Dieser Tisch schm\u00fcckt jetzt unseren Wintergarten.&nbsp;<\/p>\n<p>Die neuesten Objekte sehen Sie in der Galerie immer am Anfang.<\/p>\n\n\n<p><\/p>\n","protected":false},"excerpt":{"rendered":"<p>Eines meiner Hobbys&nbsp; ist die Herstellung von Tiffany-Objekten. In den vergangenen Jahren sind&nbsp; viele Lampen, Spiegel, Fenster, Bilderrahmen und sonstige Objekte entstanden, die in der Galerie zu sehen sind. Darunter viele eigene Entw\u00fcrfe. Vieles habe ich verschenkt, aber einige Objekte versch\u00f6nern auch unser Haus. &#8220; order_by=&#8220;sortorder&#8220; order_direction=&#8220;ASC&#8220; returns=&#8220;included&#8220; maximum_entity_count=&#8220;500&#8243;] &#8222;Louis Comfort Tiffany (* 18. Februar [&hellip;]<\/p>\n","protected":false},"author":1,"featured_media":0,"parent":0,"menu_order":0,"comment_status":"closed","ping_status":"open","template":"","meta":{"ngg_post_thumbnail":0,"footnotes":""},"class_list":["post-2","page","type-page","status-publish","hentry"],"_links":{"self":[{"href":"https:\/\/gertiroehner.de\/index.php?rest_route=\/wp\/v2\/pages\/2","targetHints":{"allow":["GET"]}}],"collection":[{"href":"https:\/\/gertiroehner.de\/index.php?rest_route=\/wp\/v2\/pages"}],"about":[{"href":"https:\/\/gertiroehner.de\/index.php?rest_route=\/wp\/v2\/types\/page"}],"author":[{"embeddable":true,"href":"https:\/\/gertiroehner.de\/index.php?rest_route=\/wp\/v2\/users\/1"}],"replies":[{"embeddable":true,"href":"https:\/\/gertiroehner.de\/index.php?rest_route=%2Fwp%2Fv2%2Fcomments&post=2"}],"version-history":[{"count":10,"href":"https:\/\/gertiroehner.de\/index.php?rest_route=\/wp\/v2\/pages\/2\/revisions"}],"predecessor-version":[{"id":441,"href":"https:\/\/gertiroehner.de\/index.php?rest_route=\/wp\/v2\/pages\/2\/revisions\/441"}],"wp:attachment":[{"href":"https:\/\/gertiroehner.de\/index.php?rest_route=%2Fwp%2Fv2%2Fmedia&parent=2"}],"curies":[{"name":"wp","href":"https:\/\/api.w.org\/{rel}","templated":true}]}}