{"id":125,"date":"2018-02-12T16:55:56","date_gmt":"2018-02-12T16:55:56","guid":{"rendered":"http:\/\/gertiroehner.de\/?page_id=125"},"modified":"2018-02-19T10:55:56","modified_gmt":"2018-02-19T10:55:56","slug":"home","status":"publish","type":"page","link":"https:\/\/gertiroehner.de\/","title":{"rendered":"Start"},"content":{"rendered":"<p>Jedes Jahr im Fr\u00fchjahr, wenn die ersten Fr\u00fchlingsblumen bereits verbl\u00fcht sind, freue ich mich auf die Pfingstrosen. F\u00fcr mich ist das die sch\u00f6nste Zeit im Garten. Alle Farben sind frisch und es bl\u00fcht \u00fcberall.<\/p>\n<p>Wenn die Tage im Fr\u00fchjahr w\u00e4rmer werden zieht es mich raus in den Garten. Die K\u00fcbelpflanzen, die im Gew\u00e4chshaus \u00fcberwintert haben, werden umgetopft und warten auf die frostfreien Tage, an denen sie wieder&nbsp; rausgestellt werden. Ich tanke Licht und Luft, beobachte die Libellen und Schmetterlinge an unserem kleinen Teich, w\u00e4hrend mir unsere Katze Kr\u00fcmel um die Beine streicht. Dieser Garten ist weit mehr, als ein Hobby. Ich vergesse oft die Zeit beim Pflanzen und J\u00e4ten und bin im flow. Auf dieser Webseite findet sich vieles von dem, was mir gef\u00e4llt und womit ich mich sonst noch so besch\u00e4ftige.<\/p>\n<p><a href=\"http:\/\/gertiroehner.de\/wp-content\/uploads\/2018\/02\/Katze-quer.jpg\"><img loading=\"lazy\" decoding=\"async\" class=\"alignnone size-medium wp-image-279\" src=\"http:\/\/gertiroehner.de\/wp-content\/uploads\/2018\/02\/Katze-quer-300x207.jpg\" alt=\"\" width=\"300\" height=\"207\" srcset=\"https:\/\/gertiroehner.de\/wp-content\/uploads\/2018\/02\/Katze-quer-300x207.jpg 300w, https:\/\/gertiroehner.de\/wp-content\/uploads\/2018\/02\/Katze-quer-768x530.jpg 768w, https:\/\/gertiroehner.de\/wp-content\/uploads\/2018\/02\/Katze-quer-1024x707.jpg 1024w, https:\/\/gertiroehner.de\/wp-content\/uploads\/2018\/02\/Katze-quer.jpg 1028w\" sizes=\"auto, (max-width: 300px) 100vw, 300px\" \/>&nbsp;&nbsp;&nbsp;<\/a><a href=\"http:\/\/gertiroehner.de\/wp-content\/uploads\/2018\/02\/am-Trog.jpg\"><img loading=\"lazy\" decoding=\"async\" class=\"alignnone size-medium wp-image-281\" src=\"http:\/\/gertiroehner.de\/wp-content\/uploads\/2018\/02\/am-Trog-300x189.jpg\" alt=\"\" width=\"300\" height=\"189\" srcset=\"https:\/\/gertiroehner.de\/wp-content\/uploads\/2018\/02\/am-Trog-300x189.jpg 300w, https:\/\/gertiroehner.de\/wp-content\/uploads\/2018\/02\/am-Trog-768x484.jpg 768w, https:\/\/gertiroehner.de\/wp-content\/uploads\/2018\/02\/am-Trog-1024x645.jpg 1024w, https:\/\/gertiroehner.de\/wp-content\/uploads\/2018\/02\/am-Trog-542x340.jpg 542w, https:\/\/gertiroehner.de\/wp-content\/uploads\/2018\/02\/am-Trog.jpg 1127w\" sizes=\"auto, (max-width: 300px) 100vw, 300px\" \/><\/a><a href=\"http:\/\/gertiroehner.de\/wp-content\/uploads\/2018\/02\/Katze-putzt-sich.jpg\">&nbsp; &nbsp;<img loading=\"lazy\" decoding=\"async\" class=\"alignnone size-medium wp-image-282\" src=\"http:\/\/gertiroehner.de\/wp-content\/uploads\/2018\/02\/Katze-putzt-sich-300x207.jpg\" alt=\"\" width=\"300\" height=\"207\" srcset=\"https:\/\/gertiroehner.de\/wp-content\/uploads\/2018\/02\/Katze-putzt-sich-300x207.jpg 300w, https:\/\/gertiroehner.de\/wp-content\/uploads\/2018\/02\/Katze-putzt-sich-768x531.jpg 768w, https:\/\/gertiroehner.de\/wp-content\/uploads\/2018\/02\/Katze-putzt-sich-1024x708.jpg 1024w, https:\/\/gertiroehner.de\/wp-content\/uploads\/2018\/02\/Katze-putzt-sich.jpg 1027w\" sizes=\"auto, (max-width: 300px) 100vw, 300px\" \/><\/a><\/p>\n<p>&nbsp;<\/p>\n<p>&nbsp;<\/p>\n<p>&nbsp;<\/p>\n<p>&nbsp;<\/p>\n<p>&nbsp;<\/p>\n<p>&nbsp;<\/p>\n<p>&nbsp;<\/p>\n","protected":false},"excerpt":{"rendered":"<p>Jedes Jahr im Fr\u00fchjahr, wenn die ersten Fr\u00fchlingsblumen bereits verbl\u00fcht sind, freue ich mich auf die Pfingstrosen. F\u00fcr mich ist das die sch\u00f6nste Zeit im Garten. Alle Farben sind frisch und es bl\u00fcht \u00fcberall. Wenn die Tage im Fr\u00fchjahr w\u00e4rmer werden zieht es mich raus in den Garten. Die K\u00fcbelpflanzen, die im Gew\u00e4chshaus \u00fcberwintert haben, [&hellip;]<\/p>\n","protected":false},"author":1,"featured_media":0,"parent":0,"menu_order":0,"comment_status":"closed","ping_status":"closed","template":"","meta":{"ngg_post_thumbnail":0,"footnotes":""},"class_list":["post-125","page","type-page","status-publish","hentry"],"_links":{"self":[{"href":"https:\/\/gertiroehner.de\/index.php?rest_route=\/wp\/v2\/pages\/125","targetHints":{"allow":["GET"]}}],"collection":[{"href":"https:\/\/gertiroehner.de\/index.php?rest_route=\/wp\/v2\/pages"}],"about":[{"href":"https:\/\/gertiroehner.de\/index.php?rest_route=\/wp\/v2\/types\/page"}],"author":[{"embeddable":true,"href":"https:\/\/gertiroehner.de\/index.php?rest_route=\/wp\/v2\/users\/1"}],"replies":[{"embeddable":true,"href":"https:\/\/gertiroehner.de\/index.php?rest_route=%2Fwp%2Fv2%2Fcomments&post=125"}],"version-history":[{"count":11,"href":"https:\/\/gertiroehner.de\/index.php?rest_route=\/wp\/v2\/pages\/125\/revisions"}],"predecessor-version":[{"id":284,"href":"https:\/\/gertiroehner.de\/index.php?rest_route=\/wp\/v2\/pages\/125\/revisions\/284"}],"wp:attachment":[{"href":"https:\/\/gertiroehner.de\/index.php?rest_route=%2Fwp%2Fv2%2Fmedia&parent=125"}],"curies":[{"name":"wp","href":"https:\/\/api.w.org\/{rel}","templated":true}]}}